{"id":11,"date":"2023-10-31T09:46:01","date_gmt":"2023-10-31T09:46:01","guid":{"rendered":"https:\/\/www.willemundfritzi.de\/?page_id=11"},"modified":"2023-10-31T13:16:13","modified_gmt":"2023-10-31T13:16:13","slug":"startseite","status":"publish","type":"page","link":"https:\/\/www.willemundfritzi.de\/","title":{"rendered":"Hi ihr Lieben!"},"content":{"rendered":"<p>Was soll ich sagen, WordPress ist eine ganz sch\u00f6ne gro\u00dfe Herausforderung. Aber irgendwie m\u00f6chte ich euch eine Anlaufstelle unabh\u00e4ngig von den Social-Media-Plattformen anbieten, die in Zukunft vielleicht auch Mehrwerte wie ein Shopsystem bietet. Die ersten Posts werden ein wenig Spielerei mit dem System.<\/p>\n<p>Dr\u00fcckt mir die Daumen und schaut ab und an mal rein.<\/p>\n<div style=\"width: 1140px;\" class=\"wp-video\"><video class=\"wp-video-shortcode\" id=\"video-11-1\" width=\"1140\" height=\"796\" loop autoplay preload=\"metadata\" controls=\"controls\"><source type=\"video\/mp4\" src=\"https:\/\/www.willemundfritzi.de\/wp-content\/uploads\/2023\/10\/Unbenanntes_Projekt-1.mp4?_=1\" \/><a href=\"https:\/\/www.willemundfritzi.de\/wp-content\/uploads\/2023\/10\/Unbenanntes_Projekt-1.mp4\">https:\/\/www.willemundfritzi.de\/wp-content\/uploads\/2023\/10\/Unbenanntes_Projekt-1.mp4<\/a><\/video><\/div>\n","protected":false},"excerpt":{"rendered":"<p>Was soll ich sagen, WordPress ist eine ganz sch\u00f6ne gro\u00dfe Herausforderung. Aber irgendwie m\u00f6chte ich euch eine Anlaufstelle unabh\u00e4ngig von den Social-Media-Plattformen anbieten, die in Zukunft vielleicht auch Mehrwerte wie [&hellip;]<\/p>\n","protected":false},"author":1,"featured_media":0,"parent":0,"menu_order":0,"comment_status":"closed","ping_status":"closed","template":"","meta":{"footnotes":""},"class_list":["post-11","page","type-page","status-publish","hentry"],"_links":{"self":[{"href":"https:\/\/www.willemundfritzi.de\/index.php?rest_route=\/wp\/v2\/pages\/11","targetHints":{"allow":["GET"]}}],"collection":[{"href":"https:\/\/www.willemundfritzi.de\/index.php?rest_route=\/wp\/v2\/pages"}],"about":[{"href":"https:\/\/www.willemundfritzi.de\/index.php?rest_route=\/wp\/v2\/types\/page"}],"author":[{"embeddable":true,"href":"https:\/\/www.willemundfritzi.de\/index.php?rest_route=\/wp\/v2\/users\/1"}],"replies":[{"embeddable":true,"href":"https:\/\/www.willemundfritzi.de\/index.php?rest_route=%2Fwp%2Fv2%2Fcomments&post=11"}],"version-history":[{"count":8,"href":"https:\/\/www.willemundfritzi.de\/index.php?rest_route=\/wp\/v2\/pages\/11\/revisions"}],"predecessor-version":[{"id":76,"href":"https:\/\/www.willemundfritzi.de\/index.php?rest_route=\/wp\/v2\/pages\/11\/revisions\/76"}],"wp:attachment":[{"href":"https:\/\/www.willemundfritzi.de\/index.php?rest_route=%2Fwp%2Fv2%2Fmedia&parent=11"}],"curies":[{"name":"wp","href":"https:\/\/api.w.org\/{rel}","templated":true}]}}